{"id":3,"date":"2025-12-06T06:14:18","date_gmt":"2025-12-06T06:14:18","guid":{"rendered":"https:\/\/www.an-na.ch\/?page_id=3"},"modified":"2025-12-09T08:34:56","modified_gmt":"2025-12-09T08:34:56","slug":"privacy-policy","status":"publish","type":"page","link":"https:\/\/www.an-na.ch\/?page_id=3","title":{"rendered":"Allgemeine Gesch\u00e4ftsbedingungen (AGB) g\u00fcltig ab 01.1.2025"},"content":{"rendered":"\n<h2 class=\"wp-block-heading\"><br><\/h2>\n\n\n\n<p><strong>Allgemein<\/strong><\/p>\n\n\n\n<p>F\u00fcr s\u00e4mtliche Verk\u00e4ufe, Offerten und Angeboten gelten ausschliesslich unsere nachfolgenden Verkaufs- und Lieferbedingungen. Abweichende oder zus\u00e4tzliche Vereinbarungen haben nur G\u00fcltigkeit, wenn diese ausdr\u00fccklich und schriftlich vereinbart sind. Unsere allgemeinen Gesch\u00e4ftsbedingungen k\u00f6nnen jederzeit ge\u00e4ndert werden.<\/p>\n\n\n\n<p><strong>Angebote<\/strong><\/p>\n\n\n\n<p>Unsere Angebote und Verkaufsunterlagen sind unverbindlich. Entscheidend ist der am Tage der Lieferung g\u00fcltige Preis.<\/p>\n\n\n\n<p><strong>Preise<\/strong><\/p>\n\n\n\n<p>Unsere Preise\u00a0verstehen sich in Schweizer Franken inkl. MwSt mit\u00a0Kosten f\u00fcr Verpackung und Transport.<\/p>\n\n\n\n<p>Wir behalten uns Preiskorrekturen aufgrund von ge\u00e4nderten Einkaufspreisen oder Devisenkursen sowie anderen unvorhersehbaren Ereignissen vor.<\/p>\n\n\n\n<p><strong>Lieferfristen<\/strong><\/p>\n\n\n\n<p>Alle vereinbarten Liefertermine sind Richttermine und freibleibend. Zu Teillieferungen sind wir jederzeit berechtigt. Die Lieferungen erfolgen auf Vorauszahlung&nbsp;und Gefahr des Empf\u00e4ngers. Annullationen und Schadenersatzforderungen bei allf\u00e4lligen Verz\u00f6gerungen oder g\u00e4nzlich unterbliebenen Lieferungen k\u00f6nnen nicht akzeptiert werden.<\/p>\n\n\n\n<p><strong>Zahlung<\/strong><\/p>\n\n\n\n<p>Wir behalten uns vor, die Kreditw\u00fcrdigkeit des K\u00e4ufers zu pr\u00fcfen und gegebenenfalls nur gegen Vorauskasse oder Nachnahme zu liefern.\u00a0Alle Bestellungen in unserem Shop erfolgen auf Vorauszahlung &amp; Twint<\/p>\n\n\n\n<p><strong>Eigentumsvorbehalt<\/strong><\/p>\n\n\n\n<p>Die Ware bleibt bis zur endg\u00fcltigen Bezahlung Eigentum von AN-NA.CH. AN-NA.CH wird hiermit vom K\u00e4ufer erm\u00e4chtigt, bis zur vollst\u00e4ndigen Bezahlung des Kaufpreises f\u00fcr die von ihm gelieferten Waren einen Eigentumsvorbehalt im zust\u00e4ndigen Register eintragen zu lassen.<\/p>\n\n\n\n<p><strong>Versand und Verpackung<\/strong><\/p>\n\n\n\n<p>Die Wahl der zweckm\u00e4ssigen Versand- und Verpackungsart auf Kosten des K\u00e4ufers bleibt uns freigestellt. Nutzen und Gefahr gehen immer sp\u00e4testens zum Zeitpunkt des Versandes ab unseren Lagerstandorten auf den K\u00e4ufer \u00fcber. Versand- und Verpackungskosten werden in Abh\u00e4ngigkeit von Spediteur und Lieferumfang pro Paket entsprechend in Rechnung gestellt.<\/p>\n\n\n\n<p><strong>M\u00e4ngelr\u00fcgen<\/strong><\/p>\n\n\n\n<p>Der K\u00e4ufer hat die Ware sofort nach Erhalt mit aller Sorgfalt bez\u00fcglich Menge, Dimensionen, Ausf\u00fchrung und Qualit\u00e4t zu pr\u00fcfen und sp\u00e4testens innert 7 Tagen, eintreffend bei uns, alle M\u00e4ngel zu r\u00fcgen. Sichtbare Transportsch\u00e4den sind vom K\u00e4ufer den zust\u00e4ndigen Transportanstalten beim Empfang der Ware zu melden und eine Annahme unter Vorbehalt geltend zu machen. F\u00fcr verdeckte M\u00e4ngel gelten die Bestimmungen des Schweizerischen OR. F\u00fcr vom K\u00e4ufer abge\u00e4nderte Ware werden keine Reklamationen akzeptiert. Nachweisbar mangelhafte Ware ersetzen wir gegen R\u00fcckgabe der fehlerhaften Ware kostenlos oder schreiben den Rechnungsbetrag gut. Die Wahl der Methode liegt bei uns. Allf\u00e4llige weitere Anspr\u00fcche, Schadenersatz, Wandlung oder Minderung sind ausdr\u00fccklich ausgeschlossen. Jeder Anspruch gegen uns setzt vom K\u00e4ufer nachgewiesene Sorgfalt in der Behandlung und richtigen Lagerung der Ware voraus.<\/p>\n\n\n\n<p><strong>Garantie<\/strong><\/p>\n\n\n\n<p>Bei Garantieanspr\u00fcchen wird zwingend die Kundenquittung mit Kaufdatum ben\u00f6tigt. Ansonsten kann keine Garantie gew\u00e4hrt und allf\u00e4llige Reparaturen m\u00fcssen in Rechnung gestellt werden. Sachm\u00e4ngel werden in erster Linie repariert. Ist eine Reparatur nicht m\u00f6glich, erfolgt Ersatz mit gleichwertiger Ware. Ist ein Ersatz nicht m\u00f6glich, wird der Warenwert zum verrechneten Preis r\u00fcckerstattet. Weitere Anspr\u00fcche, beispielsweise aus Demontage\/Montage oder Folgesch\u00e4den durch andauernden Gebrauch oder generelle Schadenersatzanspr\u00fcche, sind ausgeschlossen. Alle Produkte m\u00fcssen gereinigt und getrocknet zur Garantiepr\u00fcfung eingereicht werden. Arbeiten, welche nicht unter Garantie ausgef\u00fchrt werden, verrechnen wir nach Aufwand. Garantie-R\u00fccksendungen m\u00fcssen ausreichend frankiert sein. Alle Anfragen von Verbrauchern werden innerhalb von 24 Stunden beantwortet.<\/p>\n\n\n\n<p>Recht und Gerichtsstand<\/p>\n\n\n\n<p>Anwendbar ist Schweizer Recht. Gerichtsstand f\u00fcr alle Streitigkeiten ist&nbsp;8133 Esslingen, Schweiz.<\/p>\n\n\n\n<p>Esslingen,&nbsp;1.1.2025<\/p>\n","protected":false},"excerpt":{"rendered":"<p>Allgemein F\u00fcr s\u00e4mtliche Verk\u00e4ufe, Offerten und Angeboten gelten ausschliesslich unsere nachfolgenden Verkaufs- und Lieferbedingungen. Abweichende oder zus\u00e4tzliche Vereinbarungen haben nur G\u00fcltigkeit, wenn diese ausdr\u00fccklich und schriftlich vereinbart sind. Unsere allgemeinen Gesch\u00e4ftsbedingungen k\u00f6nnen jederzeit ge\u00e4ndert werden. Angebote Unsere Angebote und Verkaufsunterlagen sind unverbindlich. Entscheidend ist der am Tage der Lieferung g\u00fcltige Preis. Preise Unsere Preise\u00a0verstehen sich [&hellip;]<\/p>\n","protected":false},"author":1,"featured_media":0,"parent":0,"menu_order":0,"comment_status":"closed","ping_status":"open","template":"","meta":{"footnotes":""},"class_list":["post-3","page","type-page","status-publish","hentry"],"yoast_head":"<!-- This site is optimized with the Yoast SEO plugin v27.1.1 - https:\/\/yoast.com\/product\/yoast-seo-wordpress\/ -->\n<title>Allgemeine Gesch\u00e4ftsbedingungen (AGB) g\u00fcltig ab 01.1.2025 - AN-NA<\/title>\n<meta name=\"robots\" content=\"index, follow, max-snippet:-1, max-image-preview:large, max-video-preview:-1\" \/>\n<link rel=\"canonical\" href=\"https:\/\/www.an-na.ch\/?page_id=3\" \/>\n<meta property=\"og:locale\" content=\"de_DE\" \/>\n<meta property=\"og:type\" content=\"article\" \/>\n<meta property=\"og:title\" content=\"Allgemeine Gesch\u00e4ftsbedingungen (AGB) g\u00fcltig ab 01.1.2025 - AN-NA\" \/>\n<meta property=\"og:description\" content=\"Allgemein F\u00fcr s\u00e4mtliche Verk\u00e4ufe, Offerten und Angeboten gelten ausschliesslich unsere nachfolgenden Verkaufs- und Lieferbedingungen. Abweichende oder zus\u00e4tzliche Vereinbarungen haben nur G\u00fcltigkeit, wenn diese ausdr\u00fccklich und schriftlich vereinbart sind. Unsere allgemeinen Gesch\u00e4ftsbedingungen k\u00f6nnen jederzeit ge\u00e4ndert werden. Angebote Unsere Angebote und Verkaufsunterlagen sind unverbindlich. Entscheidend ist der am Tage der Lieferung g\u00fcltige Preis. Preise Unsere Preise\u00a0verstehen sich [&hellip;]\" \/>\n<meta property=\"og:url\" content=\"https:\/\/www.an-na.ch\/?page_id=3\" \/>\n<meta property=\"og:site_name\" content=\"AN-NA\" \/>\n<meta property=\"article:modified_time\" content=\"2025-12-09T08:34:56+00:00\" \/>\n<meta name=\"twitter:card\" content=\"summary_large_image\" \/>\n<meta name=\"twitter:label1\" content=\"Gesch\u00e4tzte Lesezeit\" \/>\n\t<meta name=\"twitter:data1\" content=\"3\u00a0Minuten\" \/>\n<script type=\"application\/ld+json\" class=\"yoast-schema-graph\">{\"@context\":\"https:\/\/schema.org\",\"@graph\":[{\"@type\":\"WebPage\",\"@id\":\"https:\/\/www.an-na.ch\/?page_id=3\",\"url\":\"https:\/\/www.an-na.ch\/?page_id=3\",\"name\":\"Allgemeine Gesch\u00e4ftsbedingungen (AGB) g\u00fcltig ab 01.1.2025 - AN-NA\",\"isPartOf\":{\"@id\":\"https:\/\/www.an-na.ch\/#website\"},\"datePublished\":\"2025-12-06T06:14:18+00:00\",\"dateModified\":\"2025-12-09T08:34:56+00:00\",\"breadcrumb\":{\"@id\":\"https:\/\/www.an-na.ch\/?page_id=3#breadcrumb\"},\"inLanguage\":\"de\",\"potentialAction\":[{\"@type\":\"ReadAction\",\"target\":[\"https:\/\/www.an-na.ch\/?page_id=3\"]}]},{\"@type\":\"BreadcrumbList\",\"@id\":\"https:\/\/www.an-na.ch\/?page_id=3#breadcrumb\",\"itemListElement\":[{\"@type\":\"ListItem\",\"position\":1,\"name\":\"Start\",\"item\":\"https:\/\/www.an-na.ch\/\"},{\"@type\":\"ListItem\",\"position\":2,\"name\":\"Allgemeine Gesch\u00e4ftsbedingungen (AGB) g\u00fcltig ab 01.1.2025\"}]},{\"@type\":\"WebSite\",\"@id\":\"https:\/\/www.an-na.ch\/#website\",\"url\":\"https:\/\/www.an-na.ch\/\",\"name\":\"AN-NA\",\"description\":\"\",\"publisher\":{\"@id\":\"https:\/\/www.an-na.ch\/#organization\"},\"potentialAction\":[{\"@type\":\"SearchAction\",\"target\":{\"@type\":\"EntryPoint\",\"urlTemplate\":\"https:\/\/www.an-na.ch\/?s={search_term_string}\"},\"query-input\":{\"@type\":\"PropertyValueSpecification\",\"valueRequired\":true,\"valueName\":\"search_term_string\"}}],\"inLanguage\":\"de\"},{\"@type\":\"Organization\",\"@id\":\"https:\/\/www.an-na.ch\/#organization\",\"name\":\"AN-NA\",\"url\":\"https:\/\/www.an-na.ch\/\",\"logo\":{\"@type\":\"ImageObject\",\"inLanguage\":\"de\",\"@id\":\"https:\/\/www.an-na.ch\/#\/schema\/logo\/image\/\",\"url\":\"https:\/\/www.an-na.ch\/wp-content\/uploads\/2025\/12\/Logo-klein.jpg\",\"contentUrl\":\"https:\/\/www.an-na.ch\/wp-content\/uploads\/2025\/12\/Logo-klein.jpg\",\"width\":500,\"height\":149,\"caption\":\"AN-NA\"},\"image\":{\"@id\":\"https:\/\/www.an-na.ch\/#\/schema\/logo\/image\/\"}}]}<\/script>\n<!-- \/ Yoast SEO plugin. -->","yoast_head_json":{"title":"Allgemeine Gesch\u00e4ftsbedingungen (AGB) g\u00fcltig ab 01.1.2025 - AN-NA","robots":{"index":"index","follow":"follow","max-snippet":"max-snippet:-1","max-image-preview":"max-image-preview:large","max-video-preview":"max-video-preview:-1"},"canonical":"https:\/\/www.an-na.ch\/?page_id=3","og_locale":"de_DE","og_type":"article","og_title":"Allgemeine Gesch\u00e4ftsbedingungen (AGB) g\u00fcltig ab 01.1.2025 - AN-NA","og_description":"Allgemein F\u00fcr s\u00e4mtliche Verk\u00e4ufe, Offerten und Angeboten gelten ausschliesslich unsere nachfolgenden Verkaufs- und Lieferbedingungen. Abweichende oder zus\u00e4tzliche Vereinbarungen haben nur G\u00fcltigkeit, wenn diese ausdr\u00fccklich und schriftlich vereinbart sind. Unsere allgemeinen Gesch\u00e4ftsbedingungen k\u00f6nnen jederzeit ge\u00e4ndert werden. Angebote Unsere Angebote und Verkaufsunterlagen sind unverbindlich. Entscheidend ist der am Tage der Lieferung g\u00fcltige Preis. Preise Unsere Preise\u00a0verstehen sich [&hellip;]","og_url":"https:\/\/www.an-na.ch\/?page_id=3","og_site_name":"AN-NA","article_modified_time":"2025-12-09T08:34:56+00:00","twitter_card":"summary_large_image","twitter_misc":{"Gesch\u00e4tzte Lesezeit":"3\u00a0Minuten"},"schema":{"@context":"https:\/\/schema.org","@graph":[{"@type":"WebPage","@id":"https:\/\/www.an-na.ch\/?page_id=3","url":"https:\/\/www.an-na.ch\/?page_id=3","name":"Allgemeine Gesch\u00e4ftsbedingungen (AGB) g\u00fcltig ab 01.1.2025 - AN-NA","isPartOf":{"@id":"https:\/\/www.an-na.ch\/#website"},"datePublished":"2025-12-06T06:14:18+00:00","dateModified":"2025-12-09T08:34:56+00:00","breadcrumb":{"@id":"https:\/\/www.an-na.ch\/?page_id=3#breadcrumb"},"inLanguage":"de","potentialAction":[{"@type":"ReadAction","target":["https:\/\/www.an-na.ch\/?page_id=3"]}]},{"@type":"BreadcrumbList","@id":"https:\/\/www.an-na.ch\/?page_id=3#breadcrumb","itemListElement":[{"@type":"ListItem","position":1,"name":"Start","item":"https:\/\/www.an-na.ch\/"},{"@type":"ListItem","position":2,"name":"Allgemeine Gesch\u00e4ftsbedingungen (AGB) g\u00fcltig ab 01.1.2025"}]},{"@type":"WebSite","@id":"https:\/\/www.an-na.ch\/#website","url":"https:\/\/www.an-na.ch\/","name":"AN-NA","description":"","publisher":{"@id":"https:\/\/www.an-na.ch\/#organization"},"potentialAction":[{"@type":"SearchAction","target":{"@type":"EntryPoint","urlTemplate":"https:\/\/www.an-na.ch\/?s={search_term_string}"},"query-input":{"@type":"PropertyValueSpecification","valueRequired":true,"valueName":"search_term_string"}}],"inLanguage":"de"},{"@type":"Organization","@id":"https:\/\/www.an-na.ch\/#organization","name":"AN-NA","url":"https:\/\/www.an-na.ch\/","logo":{"@type":"ImageObject","inLanguage":"de","@id":"https:\/\/www.an-na.ch\/#\/schema\/logo\/image\/","url":"https:\/\/www.an-na.ch\/wp-content\/uploads\/2025\/12\/Logo-klein.jpg","contentUrl":"https:\/\/www.an-na.ch\/wp-content\/uploads\/2025\/12\/Logo-klein.jpg","width":500,"height":149,"caption":"AN-NA"},"image":{"@id":"https:\/\/www.an-na.ch\/#\/schema\/logo\/image\/"}}]}},"jetpack_sharing_enabled":true,"_links":{"self":[{"href":"https:\/\/www.an-na.ch\/index.php?rest_route=\/wp\/v2\/pages\/3","targetHints":{"allow":["GET"]}}],"collection":[{"href":"https:\/\/www.an-na.ch\/index.php?rest_route=\/wp\/v2\/pages"}],"about":[{"href":"https:\/\/www.an-na.ch\/index.php?rest_route=\/wp\/v2\/types\/page"}],"author":[{"embeddable":true,"href":"https:\/\/www.an-na.ch\/index.php?rest_route=\/wp\/v2\/users\/1"}],"replies":[{"embeddable":true,"href":"https:\/\/www.an-na.ch\/index.php?rest_route=%2Fwp%2Fv2%2Fcomments&post=3"}],"version-history":[{"count":2,"href":"https:\/\/www.an-na.ch\/index.php?rest_route=\/wp\/v2\/pages\/3\/revisions"}],"predecessor-version":[{"id":187,"href":"https:\/\/www.an-na.ch\/index.php?rest_route=\/wp\/v2\/pages\/3\/revisions\/187"}],"wp:attachment":[{"href":"https:\/\/www.an-na.ch\/index.php?rest_route=%2Fwp%2Fv2%2Fmedia&parent=3"}],"curies":[{"name":"wp","href":"https:\/\/api.w.org\/{rel}","templated":true}]}}