{"id":188,"date":"2025-12-09T08:37:06","date_gmt":"2025-12-09T08:37:06","guid":{"rendered":"https:\/\/www.an-na.ch\/?page_id=188"},"modified":"2026-01-05T12:52:03","modified_gmt":"2026-01-05T12:52:03","slug":"ueber-an-na","status":"publish","type":"page","link":"https:\/\/www.an-na.ch\/?page_id=188","title":{"rendered":"\u00dcber AN-NA"},"content":{"rendered":"\n<p>An-na.ch steht f\u00fcr Handarbeit, Herzblut und echte Freude am Kreativen. Hinter dem Label steckt Nadja, die mit viel Liebe und Sorgfalt jedes Stirnband selbst fertigt. Was als kleine Leidenschaft begann, ist heute eine Kollektion einzigartiger, kuscheliger Stirnb\u00e4nder f\u00fcr Kinder und Erwachsene.<\/p>\n\n\n\n<p>Jedes St\u00fcck wird sorgf\u00e4ltig von Hand gen\u00e4ht \u2013 individuell, hochwertig und mit einem Blick f\u00fcrs Detail. Die Designs sind nicht nur praktisch und bequem, sondern auch liebevoll gestaltet, sodass sie jedes Outfit abrunden und dabei zuverl\u00e4ssig warmhalten.<\/p>\n\n\n\n<p>Ob f\u00fcr kleine Abenteurerinnen und Abenteurer oder f\u00fcr Erwachsene, die etwas Besonderes suchen \u2013 Stirnb\u00e4nder von An-na.ch sind kleine Unikate, die Freude machen und lange begleiten.<\/p>\n","protected":false},"excerpt":{"rendered":"<p>An-na.ch steht f\u00fcr Handarbeit, Herzblut und echte Freude am Kreativen. Hinter dem Label steckt Nadja, die mit viel Liebe und Sorgfalt jedes Stirnband selbst fertigt. Was als kleine Leidenschaft begann, ist heute eine Kollektion einzigartiger, kuscheliger Stirnb\u00e4nder f\u00fcr Kinder und Erwachsene. Jedes St\u00fcck wird sorgf\u00e4ltig von Hand gen\u00e4ht \u2013 individuell, hochwertig und mit einem Blick [&hellip;]<\/p>\n","protected":false},"author":1,"featured_media":0,"parent":0,"menu_order":0,"comment_status":"closed","ping_status":"closed","template":"","meta":{"footnotes":""},"class_list":["post-188","page","type-page","status-publish","hentry"],"yoast_head":"<!-- This site is optimized with the Yoast SEO plugin v27.1.1 - https:\/\/yoast.com\/product\/yoast-seo-wordpress\/ -->\n<title>\u00dcber AN-NA - AN-NA<\/title>\n<meta name=\"robots\" content=\"index, follow, max-snippet:-1, max-image-preview:large, max-video-preview:-1\" \/>\n<link rel=\"canonical\" href=\"https:\/\/www.an-na.ch\/?page_id=188\" \/>\n<meta property=\"og:locale\" content=\"de_DE\" \/>\n<meta property=\"og:type\" content=\"article\" \/>\n<meta property=\"og:title\" content=\"\u00dcber AN-NA - AN-NA\" \/>\n<meta property=\"og:description\" content=\"An-na.ch steht f\u00fcr Handarbeit, Herzblut und echte Freude am Kreativen. Hinter dem Label steckt Nadja, die mit viel Liebe und Sorgfalt jedes Stirnband selbst fertigt. Was als kleine Leidenschaft begann, ist heute eine Kollektion einzigartiger, kuscheliger Stirnb\u00e4nder f\u00fcr Kinder und Erwachsene. Jedes St\u00fcck wird sorgf\u00e4ltig von Hand gen\u00e4ht \u2013 individuell, hochwertig und mit einem Blick [&hellip;]\" \/>\n<meta property=\"og:url\" content=\"https:\/\/www.an-na.ch\/?page_id=188\" \/>\n<meta property=\"og:site_name\" content=\"AN-NA\" \/>\n<meta property=\"article:modified_time\" content=\"2026-01-05T12:52:03+00:00\" \/>\n<meta name=\"twitter:card\" content=\"summary_large_image\" \/>\n<meta name=\"twitter:label1\" content=\"Gesch\u00e4tzte Lesezeit\" \/>\n\t<meta name=\"twitter:data1\" content=\"1\u00a0Minute\" \/>\n<script type=\"application\/ld+json\" class=\"yoast-schema-graph\">{\"@context\":\"https:\/\/schema.org\",\"@graph\":[{\"@type\":\"WebPage\",\"@id\":\"https:\/\/www.an-na.ch\/?page_id=188\",\"url\":\"https:\/\/www.an-na.ch\/?page_id=188\",\"name\":\"\u00dcber AN-NA - AN-NA\",\"isPartOf\":{\"@id\":\"https:\/\/www.an-na.ch\/#website\"},\"datePublished\":\"2025-12-09T08:37:06+00:00\",\"dateModified\":\"2026-01-05T12:52:03+00:00\",\"breadcrumb\":{\"@id\":\"https:\/\/www.an-na.ch\/?page_id=188#breadcrumb\"},\"inLanguage\":\"de\",\"potentialAction\":[{\"@type\":\"ReadAction\",\"target\":[\"https:\/\/www.an-na.ch\/?page_id=188\"]}]},{\"@type\":\"BreadcrumbList\",\"@id\":\"https:\/\/www.an-na.ch\/?page_id=188#breadcrumb\",\"itemListElement\":[{\"@type\":\"ListItem\",\"position\":1,\"name\":\"Start\",\"item\":\"https:\/\/www.an-na.ch\/\"},{\"@type\":\"ListItem\",\"position\":2,\"name\":\"\u00dcber AN-NA\"}]},{\"@type\":\"WebSite\",\"@id\":\"https:\/\/www.an-na.ch\/#website\",\"url\":\"https:\/\/www.an-na.ch\/\",\"name\":\"AN-NA\",\"description\":\"\",\"publisher\":{\"@id\":\"https:\/\/www.an-na.ch\/#organization\"},\"potentialAction\":[{\"@type\":\"SearchAction\",\"target\":{\"@type\":\"EntryPoint\",\"urlTemplate\":\"https:\/\/www.an-na.ch\/?s={search_term_string}\"},\"query-input\":{\"@type\":\"PropertyValueSpecification\",\"valueRequired\":true,\"valueName\":\"search_term_string\"}}],\"inLanguage\":\"de\"},{\"@type\":\"Organization\",\"@id\":\"https:\/\/www.an-na.ch\/#organization\",\"name\":\"AN-NA\",\"url\":\"https:\/\/www.an-na.ch\/\",\"logo\":{\"@type\":\"ImageObject\",\"inLanguage\":\"de\",\"@id\":\"https:\/\/www.an-na.ch\/#\/schema\/logo\/image\/\",\"url\":\"https:\/\/www.an-na.ch\/wp-content\/uploads\/2025\/12\/Logo-klein.jpg\",\"contentUrl\":\"https:\/\/www.an-na.ch\/wp-content\/uploads\/2025\/12\/Logo-klein.jpg\",\"width\":500,\"height\":149,\"caption\":\"AN-NA\"},\"image\":{\"@id\":\"https:\/\/www.an-na.ch\/#\/schema\/logo\/image\/\"}}]}<\/script>\n<!-- \/ Yoast SEO plugin. -->","yoast_head_json":{"title":"\u00dcber AN-NA - AN-NA","robots":{"index":"index","follow":"follow","max-snippet":"max-snippet:-1","max-image-preview":"max-image-preview:large","max-video-preview":"max-video-preview:-1"},"canonical":"https:\/\/www.an-na.ch\/?page_id=188","og_locale":"de_DE","og_type":"article","og_title":"\u00dcber AN-NA - AN-NA","og_description":"An-na.ch steht f\u00fcr Handarbeit, Herzblut und echte Freude am Kreativen. Hinter dem Label steckt Nadja, die mit viel Liebe und Sorgfalt jedes Stirnband selbst fertigt. Was als kleine Leidenschaft begann, ist heute eine Kollektion einzigartiger, kuscheliger Stirnb\u00e4nder f\u00fcr Kinder und Erwachsene. Jedes St\u00fcck wird sorgf\u00e4ltig von Hand gen\u00e4ht \u2013 individuell, hochwertig und mit einem Blick [&hellip;]","og_url":"https:\/\/www.an-na.ch\/?page_id=188","og_site_name":"AN-NA","article_modified_time":"2026-01-05T12:52:03+00:00","twitter_card":"summary_large_image","twitter_misc":{"Gesch\u00e4tzte Lesezeit":"1\u00a0Minute"},"schema":{"@context":"https:\/\/schema.org","@graph":[{"@type":"WebPage","@id":"https:\/\/www.an-na.ch\/?page_id=188","url":"https:\/\/www.an-na.ch\/?page_id=188","name":"\u00dcber AN-NA - AN-NA","isPartOf":{"@id":"https:\/\/www.an-na.ch\/#website"},"datePublished":"2025-12-09T08:37:06+00:00","dateModified":"2026-01-05T12:52:03+00:00","breadcrumb":{"@id":"https:\/\/www.an-na.ch\/?page_id=188#breadcrumb"},"inLanguage":"de","potentialAction":[{"@type":"ReadAction","target":["https:\/\/www.an-na.ch\/?page_id=188"]}]},{"@type":"BreadcrumbList","@id":"https:\/\/www.an-na.ch\/?page_id=188#breadcrumb","itemListElement":[{"@type":"ListItem","position":1,"name":"Start","item":"https:\/\/www.an-na.ch\/"},{"@type":"ListItem","position":2,"name":"\u00dcber AN-NA"}]},{"@type":"WebSite","@id":"https:\/\/www.an-na.ch\/#website","url":"https:\/\/www.an-na.ch\/","name":"AN-NA","description":"","publisher":{"@id":"https:\/\/www.an-na.ch\/#organization"},"potentialAction":[{"@type":"SearchAction","target":{"@type":"EntryPoint","urlTemplate":"https:\/\/www.an-na.ch\/?s={search_term_string}"},"query-input":{"@type":"PropertyValueSpecification","valueRequired":true,"valueName":"search_term_string"}}],"inLanguage":"de"},{"@type":"Organization","@id":"https:\/\/www.an-na.ch\/#organization","name":"AN-NA","url":"https:\/\/www.an-na.ch\/","logo":{"@type":"ImageObject","inLanguage":"de","@id":"https:\/\/www.an-na.ch\/#\/schema\/logo\/image\/","url":"https:\/\/www.an-na.ch\/wp-content\/uploads\/2025\/12\/Logo-klein.jpg","contentUrl":"https:\/\/www.an-na.ch\/wp-content\/uploads\/2025\/12\/Logo-klein.jpg","width":500,"height":149,"caption":"AN-NA"},"image":{"@id":"https:\/\/www.an-na.ch\/#\/schema\/logo\/image\/"}}]}},"jetpack_sharing_enabled":true,"_links":{"self":[{"href":"https:\/\/www.an-na.ch\/index.php?rest_route=\/wp\/v2\/pages\/188","targetHints":{"allow":["GET"]}}],"collection":[{"href":"https:\/\/www.an-na.ch\/index.php?rest_route=\/wp\/v2\/pages"}],"about":[{"href":"https:\/\/www.an-na.ch\/index.php?rest_route=\/wp\/v2\/types\/page"}],"author":[{"embeddable":true,"href":"https:\/\/www.an-na.ch\/index.php?rest_route=\/wp\/v2\/users\/1"}],"replies":[{"embeddable":true,"href":"https:\/\/www.an-na.ch\/index.php?rest_route=%2Fwp%2Fv2%2Fcomments&post=188"}],"version-history":[{"count":1,"href":"https:\/\/www.an-na.ch\/index.php?rest_route=\/wp\/v2\/pages\/188\/revisions"}],"predecessor-version":[{"id":189,"href":"https:\/\/www.an-na.ch\/index.php?rest_route=\/wp\/v2\/pages\/188\/revisions\/189"}],"wp:attachment":[{"href":"https:\/\/www.an-na.ch\/index.php?rest_route=%2Fwp%2Fv2%2Fmedia&parent=188"}],"curies":[{"name":"wp","href":"https:\/\/api.w.org\/{rel}","templated":true}]}}